{"id":13425,"date":"2025-12-10T09:10:44","date_gmt":"2025-12-10T09:10:44","guid":{"rendered":"https:\/\/zagoraactive.ro\/?post_type=product&#038;p=13425"},"modified":"2025-12-10T09:13:58","modified_gmt":"2025-12-10T09:13:58","slug":"set-parfum-de-rute-4-arome-diferite-miros-persistent","status":"publish","type":"product","link":"https:\/\/zagoraactive.ro\/ro\/produs\/set-parfum-de-rute-4-arome-diferite-miros-persistent\/","title":{"rendered":"Set Parfum de Rute \u2013 4 Arome Diferite \u2013 Miros Persistent"},"content":{"rendered":"<p>Parfum de rufe premium, cu <strong data-start=\"149\" data-end=\"169\">4 arome diferite<\/strong>, creat pentru a oferi hainelor un miros proasp\u0103t, curat \u0219i de lung\u0103 durat\u0103. Fiecare arom\u0103 aduce o experien\u021b\u0103 unic\u0103<br \/>\n220ml<\/p>","protected":false},"excerpt":{"rendered":"<p>Parfum de rufe premium, cu 4 arome diferite, creat pentru a oferi hainelor un miros proasp\u0103t, curat \u0219i de lung\u0103 durat\u0103. Fiecare arom\u0103 aduce o experien\u021b\u0103 unic\u0103 220ml<\/p>","protected":false},"featured_media":13430,"comment_status":"open","ping_status":"closed","template":"","meta":{"om_disable_all_campaigns":false,"_monsterinsights_skip_tracking":false,"_monsterinsights_sitenote_active":false,"_monsterinsights_sitenote_note":"","_monsterinsights_sitenote_category":0},"product_brand":[],"product_cat":[241,268],"product_tag":[],"class_list":{"0":"post-13425","1":"product","2":"type-product","3":"status-publish","4":"has-post-thumbnail","6":"product_cat-parfume","7":"product_cat-parfum-casa","9":"first","10":"instock","11":"shipping-taxable","12":"purchasable","13":"product-type-variable"},"aioseo_notices":[],"_links":{"self":[{"href":"https:\/\/zagoraactive.ro\/ro\/wp-json\/wp\/v2\/product\/13425","targetHints":{"allow":["GET"]}}],"collection":[{"href":"https:\/\/zagoraactive.ro\/ro\/wp-json\/wp\/v2\/product"}],"about":[{"href":"https:\/\/zagoraactive.ro\/ro\/wp-json\/wp\/v2\/types\/product"}],"replies":[{"embeddable":true,"href":"https:\/\/zagoraactive.ro\/ro\/wp-json\/wp\/v2\/comments?post=13425"}],"wp:featuredmedia":[{"embeddable":true,"href":"https:\/\/zagoraactive.ro\/ro\/wp-json\/wp\/v2\/media\/13430"}],"wp:attachment":[{"href":"https:\/\/zagoraactive.ro\/ro\/wp-json\/wp\/v2\/media?parent=13425"}],"wp:term":[{"taxonomy":"product_brand","embeddable":true,"href":"https:\/\/zagoraactive.ro\/ro\/wp-json\/wp\/v2\/product_brand?post=13425"},{"taxonomy":"product_cat","embeddable":true,"href":"https:\/\/zagoraactive.ro\/ro\/wp-json\/wp\/v2\/product_cat?post=13425"},{"taxonomy":"product_tag","embeddable":true,"href":"https:\/\/zagoraactive.ro\/ro\/wp-json\/wp\/v2\/product_tag?post=13425"}],"curies":[{"name":"wp","href":"https:\/\/api.w.org\/{rel}","templated":true}]}}