{"id":13368,"date":"2025-12-09T07:31:35","date_gmt":"2025-12-09T07:31:35","guid":{"rendered":"https:\/\/zagoraactive.ro\/?post_type=product&#038;p=13368"},"modified":"2025-12-09T07:31:35","modified_gmt":"2025-12-09T07:31:35","slug":"caciula-premium-stil-modern-disponibila-in-12-culori-diferite","status":"publish","type":"product","link":"https:\/\/zagoraactive.ro\/tr\/urun\/caciula-premium-stil-modern-disponibila-in-12-culori-diferite\/","title":{"rendered":"C\u0103ciul\u0103 premium, stil modern, disponibil\u0103 \u00een 12 culori diferite"},"content":{"rendered":"<p>MATERIAL:BUMBAC-LYCRA<\/p>\n<p>Pre\u021burile nu includ TVA.<\/p>","protected":false},"excerpt":{"rendered":"<p>MATERIAL:BUMBAC-LYCRA Pre\u021burile nu includ TVA.<\/p>","protected":false},"featured_media":13374,"comment_status":"open","ping_status":"closed","template":"","meta":{"om_disable_all_campaigns":false,"_monsterinsights_skip_tracking":false,"_monsterinsights_sitenote_active":false,"_monsterinsights_sitenote_note":"","_monsterinsights_sitenote_category":0},"product_brand":[],"product_cat":[347,255,243],"product_tag":[],"class_list":{"0":"post-13368","1":"product","2":"type-product","3":"status-publish","4":"has-post-thumbnail","6":"product_cat-barbat-blugi","7":"product_cat-femei","8":"product_cat-barbat","10":"first","11":"instock","12":"shipping-taxable","13":"purchasable","14":"product-type-variable"},"aioseo_notices":[],"_links":{"self":[{"href":"https:\/\/zagoraactive.ro\/tr\/wp-json\/wp\/v2\/product\/13368","targetHints":{"allow":["GET"]}}],"collection":[{"href":"https:\/\/zagoraactive.ro\/tr\/wp-json\/wp\/v2\/product"}],"about":[{"href":"https:\/\/zagoraactive.ro\/tr\/wp-json\/wp\/v2\/types\/product"}],"replies":[{"embeddable":true,"href":"https:\/\/zagoraactive.ro\/tr\/wp-json\/wp\/v2\/comments?post=13368"}],"wp:featuredmedia":[{"embeddable":true,"href":"https:\/\/zagoraactive.ro\/tr\/wp-json\/wp\/v2\/media\/13374"}],"wp:attachment":[{"href":"https:\/\/zagoraactive.ro\/tr\/wp-json\/wp\/v2\/media?parent=13368"}],"wp:term":[{"taxonomy":"product_brand","embeddable":true,"href":"https:\/\/zagoraactive.ro\/tr\/wp-json\/wp\/v2\/product_brand?post=13368"},{"taxonomy":"product_cat","embeddable":true,"href":"https:\/\/zagoraactive.ro\/tr\/wp-json\/wp\/v2\/product_cat?post=13368"},{"taxonomy":"product_tag","embeddable":true,"href":"https:\/\/zagoraactive.ro\/tr\/wp-json\/wp\/v2\/product_tag?post=13368"}],"curies":[{"name":"wp","href":"https:\/\/api.w.org\/{rel}","templated":true}]}}